{"id":4,"date":"2025-07-16T17:50:48","date_gmt":"2025-07-16T17:50:48","guid":{"rendered":"https:\/\/rosybrown-lemur-236687.hostingersite.com\/home\/"},"modified":"2025-09-01T18:22:47","modified_gmt":"2025-09-01T18:22:47","slug":"home","status":"publish","type":"page","link":"https:\/\/imcimedica.com\/en\/","title":{"rendered":"Home"},"content":{"rendered":"<div class=\"wp-block-cover alignfull wp-duotone-unset-2\" style=\"margin-top:0;margin-bottom:0;padding-top:0;padding-right:var(--wp--preset--spacing--60);padding-bottom:0;padding-left:var(--wp--preset--spacing--40);min-height:412px;aspect-ratio:unset;\"><img loading=\"lazy\" decoding=\"async\" width=\"1024\" height=\"576\" class=\"wp-block-cover__image-background wp-image-230 size-large\" alt=\"\" src=\"https:\/\/imcimedica.com\/wp-content\/uploads\/2025\/08\/hero_imcimedica_complicacion_estetica_facial_1-1024x576.jpg\" data-object-fit=\"cover\" srcset=\"https:\/\/imcimedica.com\/wp-content\/uploads\/2025\/08\/hero_imcimedica_complicacion_estetica_facial_1-1024x576.jpg 1024w, https:\/\/imcimedica.com\/wp-content\/uploads\/2025\/08\/hero_imcimedica_complicacion_estetica_facial_1-300x169.jpg 300w, https:\/\/imcimedica.com\/wp-content\/uploads\/2025\/08\/hero_imcimedica_complicacion_estetica_facial_1-768x432.jpg 768w, https:\/\/imcimedica.com\/wp-content\/uploads\/2025\/08\/hero_imcimedica_complicacion_estetica_facial_1-1536x864.jpg 1536w, https:\/\/imcimedica.com\/wp-content\/uploads\/2025\/08\/hero_imcimedica_complicacion_estetica_facial_1-18x10.jpg 18w, https:\/\/imcimedica.com\/wp-content\/uploads\/2025\/08\/hero_imcimedica_complicacion_estetica_facial_1-600x338.jpg 600w, https:\/\/imcimedica.com\/wp-content\/uploads\/2025\/08\/hero_imcimedica_complicacion_estetica_facial_1.jpg 1920w\" sizes=\"auto, (max-width: 1024px) 100vw, 1024px\" \/><span aria-hidden=\"true\" class=\"wp-block-cover__background has-background-dim-0 has-background-dim\" style=\"background-color:#517077\"><\/span><div class=\"wp-block-cover__inner-container has-global-padding is-layout-constrained wp-container-core-cover-is-layout-03ad342e wp-block-cover-is-layout-constrained\">\n<div class=\"wp-block-group alignwide is-vertical is-content-justification-left is-nowrap is-layout-flex wp-container-core-group-is-layout-0c21745a wp-block-group-is-layout-flex\" style=\"padding-top:var(--wp--preset--spacing--50);padding-right:var(--wp--preset--spacing--80);padding-bottom:var(--wp--preset--spacing--50);padding-left:var(--wp--preset--spacing--30)\">\n<div class=\"wp-block-group has-global-padding is-content-justification-center is-layout-constrained wp-container-core-group-is-layout-d7a71814 wp-block-group-is-layout-constrained\" style=\"padding-right:0;padding-left:0\">\n<h1 class=\"wp-block-heading alignfull hero-titulo has-light-color has-text-color has-link-color wp-elements-ece003e22873563e28148320b02b65a3\" style=\"font-size:clamp(28.836px, 1.802rem + ((1vw - 3.2px) * 2.713), 50px);\">RESOLVEMOS COMPLICACIONES POR INYECTABLES <\/h1>\n<\/div>\n\n\n\n<div class=\"wp-block-group has-global-padding is-content-justification-left is-layout-constrained wp-container-core-group-is-layout-12dd3699 wp-block-group-is-layout-constrained\">\n<p class=\"has-light-color has-text-color has-link-color wp-elements-d7adc6a5e0ad1d50625cbe3e1d6a9dcf\">Resolvemos casos cl\u00ednicos de complicaciones por inyectables desde los casos m\u00ednimos como n\u00f3dulos hasta los casos m\u00e1s extremos como embolizaciones arteriales que deriven en ceguera o problemas&nbsp;cerebelares<\/p>\n\n\n\n<div class=\"wp-block-buttons is-content-justification-left is-layout-flex wp-container-core-buttons-is-layout-49c84d9c wp-block-buttons-is-layout-flex\" style=\"margin-top:0;margin-bottom:0;padding-top:var(--wp--preset--spacing--60);padding-right:0;padding-bottom:0;padding-left:0\">\n<div class=\"wp-block-button is-style-outline is-style-outline--1\"><a class=\"wp-block-button__link has-color-2-color has-color-1-background-color has-text-color has-background has-link-color wp-element-button\" href=\"https:\/\/imcimedica.com\/en\/product\/membresia-anual-imcimedica\/\">\u00danete a la membres\u00eda<\/a><\/div>\n<\/div>\n<\/div>\n<\/div>\n<\/div><\/div>\n\n\n\n<div class=\"wp-block-group alignwide hostinger-ai-fade-up has-global-padding is-layout-constrained wp-block-group-is-layout-constrained\" data-aos=\"fade-up\" style=\"padding-top:0;padding-bottom:0\">\n<h1 class=\"wp-block-heading alignfull has-text-align-center\" style=\"margin-top:0;margin-bottom:0;padding-top:var(--wp--preset--spacing--40);padding-bottom:var(--wp--preset--spacing--40);font-size:clamp(24.034px, 1.502rem + ((1vw - 3.2px) * 2.047), 40px);\">Confianza cl\u00ednica para casos complejos<\/h1>\n\n\n\n<div class=\"wp-block-group alignwide is-horizontal is-content-justification-center is-nowrap is-layout-flex wp-container-core-group-is-layout-3b5c9a71 wp-block-group-is-layout-flex\">\n<div class=\"wp-block-columns is-layout-flex wp-container-core-columns-is-layout-28f84493 wp-block-columns-is-layout-flex\">\n<div class=\"wp-block-column is-layout-flow wp-block-column-is-layout-flow\">\n<div class=\"wp-block-group is-vertical is-nowrap is-layout-flex wp-container-core-group-is-layout-6fe931d8 wp-block-group-is-layout-flex\">\n<p>IMCIMEDICA es el primer instituto en Latinoam\u00e9rica dedicado exclusivamente al manejo de complicaciones derivadas de inyectables en medicina est\u00e9tica.<\/p>\n\n\n\n<p>Nuestra red multidisciplinaria cuenta con el liderazgo cl\u00ednico del Dr. Frank Rosengaus, el respaldo tecnol\u00f3gico de <strong>Philips<\/strong>, y la colaboraci\u00f3n acad\u00e9mica del grupo <strong>Cutaneous de \u00c1msterdam<\/strong>, referencia mundial en seguridad dermoest\u00e9tica.<\/p>\n\n\n\n<p>Ofrecemos soluciones reales para casos reales, con protocolos m\u00e9dicos verificados, atenci\u00f3n inmediata y tecnolog\u00eda de punta. Damos atenci\u00f3n \u00e9tica, segura y con protocolos cl\u00ednicos verificados.<\/p>\n<\/div>\n<\/div>\n\n\n\n<div class=\"wp-block-column has-global-padding is-layout-constrained wp-block-column-is-layout-constrained\">\n<figure class=\"wp-block-image size-large\"><img loading=\"lazy\" decoding=\"async\" width=\"683\" height=\"1024\" src=\"https:\/\/imcimedica.com\/wp-content\/uploads\/2025\/08\/equipo-medico-especializado-en-complicaciones-inyectables-con-ultrasonido-683x1024.png\" alt=\"\" class=\"wp-image-236\" style=\"aspect-ratio:4\/3;object-fit:cover\" srcset=\"https:\/\/imcimedica.com\/wp-content\/uploads\/2025\/08\/equipo-medico-especializado-en-complicaciones-inyectables-con-ultrasonido-683x1024.png 683w, https:\/\/imcimedica.com\/wp-content\/uploads\/2025\/08\/equipo-medico-especializado-en-complicaciones-inyectables-con-ultrasonido-200x300.png 200w, https:\/\/imcimedica.com\/wp-content\/uploads\/2025\/08\/equipo-medico-especializado-en-complicaciones-inyectables-con-ultrasonido-768x1152.png 768w, https:\/\/imcimedica.com\/wp-content\/uploads\/2025\/08\/equipo-medico-especializado-en-complicaciones-inyectables-con-ultrasonido-8x12.png 8w, https:\/\/imcimedica.com\/wp-content\/uploads\/2025\/08\/equipo-medico-especializado-en-complicaciones-inyectables-con-ultrasonido-600x900.png 600w, https:\/\/imcimedica.com\/wp-content\/uploads\/2025\/08\/equipo-medico-especializado-en-complicaciones-inyectables-con-ultrasonido.png 1024w\" sizes=\"auto, (max-width: 683px) 100vw, 683px\" \/><\/figure>\n<\/div>\n<\/div>\n<\/div>\n<\/div>\n\n\n\n<div class=\"wp-block-group alignfull hostinger-ai-fade-up has-global-padding is-layout-constrained wp-block-group-is-layout-constrained\" data-aos=\"fade-up\">\n<div class=\"wp-block-group alignwide hostinger-ai-fade-up has-global-padding is-content-justification-left is-layout-constrained wp-container-core-group-is-layout-12dd3699 wp-block-group-is-layout-constrained\" data-aos=\"fade-up\">\n<div class=\"wp-block-group alignwide hostinger-ai-fade-up is-layout-grid wp-container-core-group-is-layout-884707fd wp-block-group-is-layout-grid\" data-aos=\"fade-up\">\n<div class=\"wp-block-group hostinger-ai-fade-up wp-container-content-bc2bfd5b has-global-padding is-layout-constrained wp-container-core-group-is-layout-29a8626f wp-block-group-is-layout-constrained\" data-aos=\"fade-up\" style=\"padding-top:0;padding-right:var(--wp--preset--spacing--20);padding-bottom:0;padding-left:var(--wp--preset--spacing--20)\">\n<h2 class=\"wp-block-heading has-text-align-left\">Soluciones especializadas en complicaciones est\u00e9ticas<\/h2>\n\n\n\n<figure class=\"wp-block-image size-full has-custom-border hostinger-ai-service-image\"><img loading=\"lazy\" decoding=\"async\" width=\"340\" height=\"340\" src=\"https:\/\/imcimedica.com\/wp-content\/uploads\/2025\/07\/medicina-estetica-complicaciones-equipo.jpg\" alt=\"\" class=\"wp-image-185\" style=\"border-radius:20px\" srcset=\"https:\/\/imcimedica.com\/wp-content\/uploads\/2025\/07\/medicina-estetica-complicaciones-equipo.jpg 340w, https:\/\/imcimedica.com\/wp-content\/uploads\/2025\/07\/medicina-estetica-complicaciones-equipo-300x300.jpg 300w, https:\/\/imcimedica.com\/wp-content\/uploads\/2025\/07\/medicina-estetica-complicaciones-equipo-150x150.jpg 150w, https:\/\/imcimedica.com\/wp-content\/uploads\/2025\/07\/medicina-estetica-complicaciones-equipo-100x100.jpg 100w\" sizes=\"auto, (max-width: 340px) 100vw, 340px\" \/><\/figure>\n\n\n\n<p class=\"hostinger-ai-service-description has-dark-color has-text-color has-link-color has-medium-font-size wp-elements-e16c08cebe119eb52a256bd24b94d811\" style=\"margin-top:var(--wp--preset--spacing--40)\">Ofrecemos acompa\u00f1amiento experto para el diagn\u00f3stico, evaluaci\u00f3n y tratamiento de complicaciones por inyectables. Desde casos simples hasta los m\u00e1s complejos, nuestro enfoque combina experiencia cl\u00ednica, educaci\u00f3n m\u00e9dica continua e innovaci\u00f3n tecnol\u00f3gica.<\/p>\n<\/div>\n\n\n\n<div class=\"wp-block-group hostinger-ai-fade-up wp-container-content-bc2bfd5b has-global-padding is-layout-constrained wp-container-core-group-is-layout-c9115f92 wp-block-group-is-layout-constrained\" data-aos=\"fade-up\" style=\"padding-right:var(--wp--preset--spacing--20);padding-left:var(--wp--preset--spacing--20)\">\n<h2 class=\"wp-block-heading\">Educaci\u00f3n cl\u00ednica y tecnolog\u00eda avanzada<\/h2>\n\n\n\n<figure class=\"wp-block-image size-full has-custom-border hostinger-ai-service-image hostinger-index-1\"><img loading=\"lazy\" decoding=\"async\" width=\"340\" height=\"340\" src=\"https:\/\/imcimedica.com\/wp-content\/uploads\/2025\/07\/doctor-analizando-caso-complicacion-estetica.jpg\" alt=\"\" class=\"wp-image-186\" style=\"border-radius:20px\" srcset=\"https:\/\/imcimedica.com\/wp-content\/uploads\/2025\/07\/doctor-analizando-caso-complicacion-estetica.jpg 340w, https:\/\/imcimedica.com\/wp-content\/uploads\/2025\/07\/doctor-analizando-caso-complicacion-estetica-300x300.jpg 300w, https:\/\/imcimedica.com\/wp-content\/uploads\/2025\/07\/doctor-analizando-caso-complicacion-estetica-150x150.jpg 150w, https:\/\/imcimedica.com\/wp-content\/uploads\/2025\/07\/doctor-analizando-caso-complicacion-estetica-100x100.jpg 100w\" sizes=\"auto, (max-width: 340px) 100vw, 340px\" \/><\/figure>\n\n\n\n<p class=\"hostinger-ai-service-description hostinger-index-1 has-dark-color has-text-color has-link-color has-medium-font-size wp-elements-0c086e6af214c97855a8f5f735628c50\" style=\"margin-top:var(--wp--preset--spacing--40)\">Accede a contenido educativo actualizado, protocolos de manejo y herramientas de imagen avanzada que potencian tu pr\u00e1ctica m\u00e9dica. En IMCIMEDICA, creemos que la prevenci\u00f3n y el conocimiento son la base de una medicina est\u00e9tica m\u00e1s segura.<\/p>\n<\/div>\n\n\n\n<div class=\"wp-block-group hostinger-ai-fade-up has-global-padding is-layout-constrained wp-container-core-group-is-layout-c9115f92 wp-block-group-is-layout-constrained\" data-aos=\"fade-up\" style=\"padding-right:var(--wp--preset--spacing--20);padding-left:var(--wp--preset--spacing--20)\">\n<h2 class=\"wp-block-heading\">Red internacional de especialistas<\/h2>\n\n\n\n<figure class=\"wp-block-image size-full has-custom-border hostinger-ai-service-image hostinger-index-2\"><img loading=\"lazy\" decoding=\"async\" width=\"340\" height=\"340\" src=\"https:\/\/imcimedica.com\/wp-content\/uploads\/2025\/07\/doctoras-colaboracion-evaluacion-casos-medicos.jpg\" alt=\"\" class=\"wp-image-187\" style=\"border-radius:20px\" srcset=\"https:\/\/imcimedica.com\/wp-content\/uploads\/2025\/07\/doctoras-colaboracion-evaluacion-casos-medicos.jpg 340w, https:\/\/imcimedica.com\/wp-content\/uploads\/2025\/07\/doctoras-colaboracion-evaluacion-casos-medicos-300x300.jpg 300w, https:\/\/imcimedica.com\/wp-content\/uploads\/2025\/07\/doctoras-colaboracion-evaluacion-casos-medicos-150x150.jpg 150w, https:\/\/imcimedica.com\/wp-content\/uploads\/2025\/07\/doctoras-colaboracion-evaluacion-casos-medicos-100x100.jpg 100w\" sizes=\"auto, (max-width: 340px) 100vw, 340px\" \/><\/figure>\n\n\n\n<p class=\"hostinger-ai-service-description hostinger-index-2 has-dark-color has-text-color has-link-color has-medium-font-size wp-elements-220090c3541aedee2c0c17986c57af5f\" style=\"margin-top:var(--wp--preset--spacing--40)\">Forma parte de una comunidad global de m\u00e9dicos expertos en medicina est\u00e9tica. Recibe asesor\u00eda personalizada, participa en consultas de casos cl\u00ednicos y mantente al d\u00eda con las mejores pr\u00e1cticas a nivel internacional.<\/p>\n<\/div>\n<\/div>\n<\/div>\n<\/div>\n\n\n\n<div class=\"wp-block-group alignwide hostinger-ai-fade-up is-layout-flow wp-container-core-group-is-layout-e603688c wp-block-group-is-layout-flow\" data-aos=\"fade-up\" style=\"min-height:0px;margin-top:0;margin-bottom:0;padding-top:0;padding-right:0;padding-bottom:0;padding-left:0\">\n<div class=\"wp-block-group alignwide hostinger-ai-fade-up is-nowrap is-layout-flex wp-container-core-group-is-layout-6a37eba1 wp-block-group-is-layout-flex\" data-aos=\"fade-up\" style=\"margin-top:var(--wp--preset--spacing--60);margin-bottom:var(--wp--preset--spacing--50);padding-top:var(--wp--preset--spacing--40);padding-bottom:var(--wp--preset--spacing--40)\">\n<div class=\"wp-block-columns is-layout-flex wp-container-core-columns-is-layout-28f84493 wp-block-columns-is-layout-flex\">\n<div class=\"wp-block-column is-layout-flow wp-block-column-is-layout-flow\" style=\"flex-basis:50%\">\n<h2 class=\"wp-block-heading hostinger-ai-title has-x-large-font-size\" style=\"margin-bottom:0\">Expertise m\u00e9dica internacional en medicina est\u00e9tica<\/h2>\n<\/div>\n\n\n\n<div class=\"wp-block-column is-vertically-aligned-center has-small-font-size has-global-padding is-layout-constrained wp-block-column-is-layout-constrained\" style=\"flex-basis:50%\">\n<p class=\"hostinger-ai-description has-medium-font-size\"><strong>IMCIMEDICA<\/strong> es un instituto especializado en el manejo de complicaciones derivadas del uso de inyectables en medicina est\u00e9tica. Brindamos apoyo cl\u00ednico, formaci\u00f3n m\u00e9dica y herramientas tecnol\u00f3gicas de \u00faltima generaci\u00f3n a profesionales de la salud en todo el mundo.<\/p>\n<\/div>\n<\/div>\n<\/div>\n\n\n\n<div class=\"wp-block-group is-content-justification-center is-nowrap is-layout-flex wp-container-core-group-is-layout-d91b5051 wp-block-group-is-layout-flex\" style=\"min-height:0px;margin-top:var(--wp--preset--spacing--30);margin-bottom:var(--wp--preset--spacing--30);padding-top:0;padding-right:0;padding-bottom:0;padding-left:0\">\n<figure class=\"wp-block-image alignfull size-full has-custom-border hostinger-ai-image\" style=\"margin-top:0;margin-right:0;margin-bottom:0;margin-left:0\"><img loading=\"lazy\" decoding=\"async\" width=\"1500\" height=\"844\" src=\"https:\/\/imcimedica.com\/wp-content\/uploads\/2025\/08\/equipo_intervencionista_philips_1.jpg\" alt=\"\" class=\"wp-image-488\" style=\"border-radius:0px\" srcset=\"https:\/\/imcimedica.com\/wp-content\/uploads\/2025\/08\/equipo_intervencionista_philips_1.jpg 1500w, https:\/\/imcimedica.com\/wp-content\/uploads\/2025\/08\/equipo_intervencionista_philips_1-300x169.jpg 300w, https:\/\/imcimedica.com\/wp-content\/uploads\/2025\/08\/equipo_intervencionista_philips_1-1024x576.jpg 1024w, https:\/\/imcimedica.com\/wp-content\/uploads\/2025\/08\/equipo_intervencionista_philips_1-768x432.jpg 768w, https:\/\/imcimedica.com\/wp-content\/uploads\/2025\/08\/equipo_intervencionista_philips_1-18x10.jpg 18w, https:\/\/imcimedica.com\/wp-content\/uploads\/2025\/08\/equipo_intervencionista_philips_1-600x338.jpg 600w\" sizes=\"auto, (max-width: 1500px) 100vw, 1500px\" \/><\/figure>\n<\/div>\n<\/div>\n\n\n\n<div class=\"wp-block-group alignfull hostinger-ai-solid-block hostinger-ai-fade-up has-color-1-background-color has-background has-global-padding is-layout-constrained wp-block-group-is-layout-constrained\" data-aos=\"fade-up\" style=\"padding-top:var(--wp--preset--spacing--60);padding-bottom:var(--wp--preset--spacing--60)\">\n<div class=\"wp-block-group alignwide hostinger-ai-fade-up is-vertical is-content-justification-center is-nowrap is-layout-flex wp-container-core-group-is-layout-4cc6ee0a wp-block-group-is-layout-flex\" data-aos=\"fade-up\" style=\"min-height:0px;padding-top:0;padding-bottom:0\">\n<div class=\"wp-block-group hostinger-ai-fade-up wp-container-content-69bc4bdf has-global-padding is-content-justification-center is-layout-constrained wp-container-core-group-is-layout-78267832 wp-block-group-is-layout-constrained\" data-aos=\"fade-up\">\n<h2 class=\"wp-block-heading has-text-align-center hostinger-ai-title has-dark-color has-text-color has-link-color has-x-large-font-size wp-elements-9f379528606169762ec542b5b9791946\" style=\"margin-top:0;margin-right:0;margin-bottom:0;margin-left:0\">Red internacional de especialistas<\/h2>\n\n\n\n<p class=\"has-text-align-center hostinger-ai-description has-dark-color has-text-color has-link-color has-medium-font-size wp-elements-3594ddfb845c3008361d86476fdba794\" style=\"margin-top:var(--wp--preset--spacing--20);margin-bottom:var(--wp--preset--spacing--50)\">Forma parte de una comunidad global de m\u00e9dicos expertos en medicina est\u00e9tica. Recibe asesor\u00eda personalizada, participa en consultas de casos cl\u00ednicos y mantente al d\u00eda con las mejores pr\u00e1cticas a nivel internacional.<\/p>\n\n\n\n<div class=\"wp-block-buttons is-content-justification-center is-layout-flex wp-container-core-buttons-is-layout-a89b3969 wp-block-buttons-is-layout-flex\">\n<div class=\"wp-block-button hostinger-ai-cta-button\"><a class=\"wp-block-button__link has-dark-color has-contrast-background-color has-text-color has-background has-link-color has-border-color has-medium-font-size has-custom-font-size wp-element-button\" href=\"https:\/\/imcimedica.com\/en\/\" style=\"border-color:#0d141a;border-width:1px;border-radius:50px;padding-top:var(--wp--preset--spacing--30);padding-right:var(--wp--preset--spacing--70);padding-bottom:var(--wp--preset--spacing--30);padding-left:var(--wp--preset--spacing--70);box-shadow:none\">Join<\/a><\/div>\n<\/div>\n<\/div>\n<\/div>\n<\/div>\n\n\n\n<div style=\"background-image:url(&#039;https:\/\/images.unsplash.com\/photo-1691096671143-d05c501339bc?q=85&amp;w=1920&amp;h=800&amp;fit=crop&#039;);background-position:50% 50%;background-size:cover;\" class=\"wp-block-group alignfull hostinger-ai-customer-reviews-4 hostinger-ai-background-image hostinger-ai-hero-opacity hostinger-ai-fade-up has-global-padding is-layout-constrained wp-block-group-is-layout-constrained has-background\" data-aos=\"fade-up\">\n<div class=\"wp-block-group alignwide hostinger-ai-fade-up is-vertical is-content-justification-center is-nowrap is-layout-flex wp-container-core-group-is-layout-95764c33 wp-block-group-is-layout-flex\" data-aos=\"fade-up\" style=\"min-height:400px;padding-top:var(--wp--preset--spacing--40);padding-bottom:var(--wp--preset--spacing--40)\">\n<div class=\"wp-block-group hostinger-ai-fade-up wp-container-content-69bc4bdf is-layout-flow wp-container-core-group-is-layout-d6743c7d wp-block-group-is-layout-flow\" data-aos=\"fade-up\">\n<p class=\"has-text-align-center hostinger-ai-testimonial-text hostinger-ai-font-bold hostinger-index-2 has-light-color has-text-color has-link-color wp-elements-1bc95101580c665a02048f2af8841fb8\" style=\"margin-top:0;margin-bottom:var(--wp--preset--spacing--50);font-size:clamp(16.293px, 1.018rem + ((1vw - 3.2px) * 1.116), 25px);\">\u201dIMCIM\u00c9DICA es el primer instituto en Latinoam\u00e9rica dedicado exclusivamente al manejo de complicaciones por inyectables en medicina est\u00e9tica. Acceso a evidencia, protocolos y apoyo cl\u00ednico, en un entorno \u00e9tico y colaborativo.\u201d<\/p>\n<\/div>\n<\/div>\n<\/div>\n\n\n\n<p><\/p>","protected":false},"excerpt":{"rendered":"<p>Confianza cl\u00ednica para casos complejos IMCIMEDICA es el primer instituto en Latinoam\u00e9rica dedicado exclusivamente al manejo de complicaciones derivadas de inyectables en medicina est\u00e9tica. Nuestra red multidisciplinaria cuenta con el liderazgo cl\u00ednico del Dr. Frank Rosengaus, el respaldo tecnol\u00f3gico de Philips, y la colaboraci\u00f3n acad\u00e9mica del grupo Cutaneous de \u00c1msterdam, referencia mundial en seguridad dermoest\u00e9tica. [&hellip;]<\/p>","protected":false},"author":1,"featured_media":0,"parent":0,"menu_order":0,"comment_status":"closed","ping_status":"closed","template":"","meta":{"footnotes":""},"class_list":["post-4","page","type-page","status-publish","hentry"],"_links":{"self":[{"href":"https:\/\/imcimedica.com\/en\/wp-json\/wp\/v2\/pages\/4","targetHints":{"allow":["GET"]}}],"collection":[{"href":"https:\/\/imcimedica.com\/en\/wp-json\/wp\/v2\/pages"}],"about":[{"href":"https:\/\/imcimedica.com\/en\/wp-json\/wp\/v2\/types\/page"}],"author":[{"embeddable":true,"href":"https:\/\/imcimedica.com\/en\/wp-json\/wp\/v2\/users\/1"}],"replies":[{"embeddable":true,"href":"https:\/\/imcimedica.com\/en\/wp-json\/wp\/v2\/comments?post=4"}],"version-history":[{"count":3,"href":"https:\/\/imcimedica.com\/en\/wp-json\/wp\/v2\/pages\/4\/revisions"}],"predecessor-version":[{"id":500,"href":"https:\/\/imcimedica.com\/en\/wp-json\/wp\/v2\/pages\/4\/revisions\/500"}],"wp:attachment":[{"href":"https:\/\/imcimedica.com\/en\/wp-json\/wp\/v2\/media?parent=4"}],"curies":[{"name":"wp","href":"https:\/\/api.w.org\/{rel}","templated":true}]}}