{"id":125,"date":"2025-07-22T23:58:39","date_gmt":"2025-07-22T23:58:39","guid":{"rendered":"https:\/\/imcimedica.com\/?page_id=125"},"modified":"2025-07-23T00:31:58","modified_gmt":"2025-07-23T00:31:58","slug":"quienes-somos","status":"publish","type":"page","link":"https:\/\/imcimedica.com\/en\/quienes-somos\/","title":{"rendered":"Quienes Somos"},"content":{"rendered":"<div class=\"wp-block-group alignfull hostinger-ai-fade-up has-global-padding is-layout-constrained wp-block-group-is-layout-constrained\" data-aos=\"fade-up\">\n<div class=\"wp-block-group alignwide is-content-justification-center is-nowrap is-layout-flex wp-container-core-group-is-layout-7c55ad88 wp-block-group-is-layout-flex\" style=\"padding-top:0;padding-right:0;padding-bottom:var(--wp--preset--spacing--40);padding-left:0\">\n<div class=\"wp-block-group hostinger-ai-fade-up wp-container-content-69bc4bdf is-vertical is-content-justification-left is-nowrap is-layout-flex wp-container-core-group-is-layout-cf2989bb wp-block-group-is-layout-flex\" data-aos=\"fade-up\" style=\"min-height:0px;margin-top:var(--wp--preset--spacing--20);margin-bottom:var(--wp--preset--spacing--40);padding-top:0;padding-right:0;padding-bottom:0;padding-left:0\">\n<h1 class=\"wp-block-heading has-text-align-left hostinger-ai-title has-color-2-color has-text-color\" style=\"margin-top:0;margin-right:0;margin-bottom:0;margin-left:0;padding-top:var(--wp--preset--spacing--60);padding-bottom:var(--wp--preset--spacing--60)\">Un instituto creado para acompa\u00f1ar, no para improvisar.<\/h1>\n\n\n\n<div class=\"wp-block-group is-layout-flex wp-block-group-is-layout-flex\" style=\"padding-top:var(--wp--preset--spacing--50);padding-bottom:var(--wp--preset--spacing--50)\">\n<div class=\"wp-block-group has-global-padding is-layout-constrained wp-block-group-is-layout-constrained\">\n<p class=\"has-text-align-left\">IMCIMEDICA se ha posicionado como un referente en el \u00e1mbito de la medicina est\u00e9tica, centrando su labor en el manejo y resoluci\u00f3n de complicaciones asociadas a procedimientos inyectables. Nuestra misi\u00f3n es acompa\u00f1ar a los m\u00e9dicos en el manejo de complicaciones que pueden surgir en este campo, promoviendo un enfoque \u00e9tico y colaborativo.<\/p>\n\n\n\n<p class=\"has-text-align-left\">Al abordar las complicaciones derivadas de procedimientos est\u00e9ticos, reconocemos la necesidad de un protocolo riguroso que priorice el bienestar del paciente. Nuestro equipo de expertos, compuesto por m\u00e9dicos y especialistas en medicina est\u00e9tica, trabaja conjuntamente para investigar, ense\u00f1ar y proporcionar soluciones efectivas, contribuyendo as\u00ed a un medio en el cual la belleza y la salud coexistan de manera armoniosa.<\/p>\n\n\n\n<p class=\"has-text-align-left hostinger-ai-description has-dark-color has-text-color has-link-color has-medium-font-size wp-elements-88219ba9aa5913b101609623a5d69e4f\" style=\"margin-top:0;margin-bottom:var(--wp--preset--spacing--50)\">Las complicaciones por inyectables son una realidad cl\u00ednica. IMCIMEDICA nace para ofrecer a los m\u00e9dicos el conocimiento, la estructura y el respaldo necesarios para enfrentarlas con \u00e9tica, evidencia y comunidad<\/p>\n<\/div>\n\n\n\n<figure class=\"wp-block-image size-large is-resized\" style=\"margin-top:0;margin-right:0;margin-bottom:0;margin-left:0\"><img loading=\"lazy\" decoding=\"async\" width=\"1024\" height=\"1024\" src=\"https:\/\/imcimedica.com\/wp-content\/uploads\/2025\/07\/equipo-medico-evaluacion-imagen-facial-digital-1024x1024.jpg\" alt=\"\" class=\"wp-image-208\" style=\"aspect-ratio:0.75;object-fit:cover;width:298px;height:auto\" srcset=\"https:\/\/imcimedica.com\/wp-content\/uploads\/2025\/07\/equipo-medico-evaluacion-imagen-facial-digital-1024x1024.jpg 1024w, https:\/\/imcimedica.com\/wp-content\/uploads\/2025\/07\/equipo-medico-evaluacion-imagen-facial-digital-300x300.jpg 300w, https:\/\/imcimedica.com\/wp-content\/uploads\/2025\/07\/equipo-medico-evaluacion-imagen-facial-digital-150x150.jpg 150w, https:\/\/imcimedica.com\/wp-content\/uploads\/2025\/07\/equipo-medico-evaluacion-imagen-facial-digital-768x768.jpg 768w, https:\/\/imcimedica.com\/wp-content\/uploads\/2025\/07\/equipo-medico-evaluacion-imagen-facial-digital-1536x1536.jpg 1536w, https:\/\/imcimedica.com\/wp-content\/uploads\/2025\/07\/equipo-medico-evaluacion-imagen-facial-digital-600x600.jpg 600w, https:\/\/imcimedica.com\/wp-content\/uploads\/2025\/07\/equipo-medico-evaluacion-imagen-facial-digital-100x100.jpg 100w, https:\/\/imcimedica.com\/wp-content\/uploads\/2025\/07\/equipo-medico-evaluacion-imagen-facial-digital.jpg 1920w\" sizes=\"auto, (max-width: 1024px) 100vw, 1024px\" \/><\/figure>\n<\/div>\n<\/div>\n<\/div>\n<\/div>\n\n\n\n<div class=\"wp-block-group alignfull hostinger-ai-solid-block hostinger-ai-fade-up has-global-padding is-layout-constrained wp-block-group-is-layout-constrained\" data-aos=\"fade-up\" style=\"margin-top:0;margin-bottom:0\">\n<div class=\"wp-block-columns hostinger-ai-fade-up is-layout-flex wp-container-core-columns-is-layout-28f84493 wp-block-columns-is-layout-flex\" data-aos=\"fade-up\">\n<div class=\"wp-block-column hostinger-ai-fade-up is-layout-flow wp-block-column-is-layout-flow\" data-aos=\"fade-up\" style=\"border-width:1px;border-radius:20px;flex-basis:50%\">\n<div class=\"wp-block-group wp-container-content-69bc4bdf is-vertical is-content-justification-center is-layout-flex wp-container-core-group-is-layout-48864653 wp-block-group-is-layout-flex\" style=\"padding-top:var(--wp--preset--spacing--40);padding-right:var(--wp--preset--spacing--40);padding-bottom:var(--wp--preset--spacing--40);padding-left:var(--wp--preset--spacing--40)\">\n<h3 class=\"wp-block-heading hostinger-ai-title\">Nuestro enfoque<\/h3>\n\n\n\n<ul class=\"wp-block-list\">\n<li>Nos basamos en evidencia m\u00e9dica y consensos internacionales.<\/li>\n\n\n\n<li>Reunimos a expertos que han enfrentado complicaciones en m\u00faltiples niveles.<\/li>\n\n\n\n<li>Promovemos la formaci\u00f3n continua, el an\u00e1lisis de casos y la documentaci\u00f3n cl\u00ednica.<\/li>\n\n\n\n<li>Fomentamos el acompa\u00f1amiento: ning\u00fan m\u00e9dico deber\u00eda enfrentar una complicaci\u00f3n solo.<\/li>\n<\/ul>\n<\/div>\n<\/div>\n\n\n\n<div class=\"wp-block-column hostinger-ai-fade-up is-layout-flow wp-block-column-is-layout-flow\" data-aos=\"fade-up\" style=\"border-width:1px;border-radius:20px;flex-basis:50%\">\n<div class=\"wp-block-group hostinger-ai-fade-up wp-container-content-69bc4bdf is-vertical is-content-justification-center is-nowrap is-layout-flex wp-container-core-group-is-layout-784e5116 wp-block-group-is-layout-flex\" data-aos=\"fade-up\" style=\"margin-top:0;margin-bottom:0;padding-top:var(--wp--preset--spacing--40);padding-right:var(--wp--preset--spacing--40);padding-bottom:var(--wp--preset--spacing--40);padding-left:var(--wp--preset--spacing--40)\">\n<h3 class=\"wp-block-heading hostinger-ai-title has-dark-color has-text-color has-link-color wp-elements-40dc3554d4102d86a49561cd63beaa35\" style=\"margin-top:0;margin-right:0;margin-bottom:0;margin-left:0;padding-bottom:0\">Nuestra raz\u00f3n de ser<\/h3>\n\n\n\n<p class=\"has-text-align-center hostinger-ai-description has-dark-color has-text-color has-link-color has-medium-font-size wp-elements-bcf6f81a2cdfbb7acbea3209468bcf86\" style=\"margin-top:0;margin-bottom:0\">Cada vez m\u00e1s m\u00e9dicos aplican tratamientos con inyectables. Pero cuando algo no sale como se esperaba, pocos espacios ofrecen ayuda real. IMCIM\u00c9DICA es una respuesta organizada, seria y profesional a ese vac\u00edo.<br>Aqu\u00ed se prioriza la acci\u00f3n m\u00e9dica responsable frente a la complicaci\u00f3n, sin juicios, sin intereses comerciales, sin diluir el rigor cl\u00ednico.<\/p>\n<\/div>\n<\/div>\n<\/div>\n<\/div>\n\n\n\n<div class=\"wp-block-group alignfull is-horizontal is-content-justification-center is-layout-flex wp-container-core-group-is-layout-4f6f85ca wp-block-group-is-layout-flex\">\n<div class=\"wp-block-group is-vertical is-content-justification-center is-layout-flex wp-container-core-group-is-layout-d60e23ab wp-block-group-is-layout-flex\" style=\"margin-top:0;margin-bottom:0\">\n<figure class=\"wp-block-image size-thumbnail is-resized\"><img loading=\"lazy\" decoding=\"async\" width=\"150\" height=\"150\" src=\"https:\/\/imcimedica.com\/wp-content\/uploads\/2025\/07\/icono-formacion-medica-150x150.png\" alt=\"\" class=\"wp-image-179\" style=\"object-fit:contain;width:120px;height:auto\" srcset=\"https:\/\/imcimedica.com\/wp-content\/uploads\/2025\/07\/icono-formacion-medica-150x150.png 150w, https:\/\/imcimedica.com\/wp-content\/uploads\/2025\/07\/icono-formacion-medica-100x100.png 100w, https:\/\/imcimedica.com\/wp-content\/uploads\/2025\/07\/icono-formacion-medica.png 200w\" sizes=\"auto, (max-width: 150px) 100vw, 150px\" \/><\/figure>\n\n\n\n<p class=\"has-text-align-center\"><strong>Formaci\u00f3n m\u00e9dica<\/strong><\/p>\n<\/div>\n\n\n\n<div class=\"wp-block-group is-vertical is-content-justification-center is-layout-flex wp-container-core-group-is-layout-81423f52 wp-block-group-is-layout-flex\">\n<figure class=\"wp-block-image size-thumbnail is-resized is-style-default\"><img loading=\"lazy\" decoding=\"async\" width=\"150\" height=\"150\" src=\"https:\/\/imcimedica.com\/wp-content\/uploads\/2025\/07\/icono-colaboracion-clinica-150x150.png\" alt=\"\" class=\"wp-image-180\" style=\"width:120px;height:auto\" srcset=\"https:\/\/imcimedica.com\/wp-content\/uploads\/2025\/07\/icono-colaboracion-clinica-150x150.png 150w, https:\/\/imcimedica.com\/wp-content\/uploads\/2025\/07\/icono-colaboracion-clinica-100x100.png 100w, https:\/\/imcimedica.com\/wp-content\/uploads\/2025\/07\/icono-colaboracion-clinica.png 200w\" sizes=\"auto, (max-width: 150px) 100vw, 150px\" \/><\/figure>\n\n\n\n<p><strong>Colaboraci\u00f3n cl\u00ednica<\/strong><\/p>\n<\/div>\n\n\n\n<div class=\"wp-block-group is-vertical is-content-justification-center is-layout-flex wp-container-core-group-is-layout-81423f52 wp-block-group-is-layout-flex\">\n<figure class=\"wp-block-image size-thumbnail is-resized\"><img loading=\"lazy\" decoding=\"async\" width=\"150\" height=\"150\" src=\"https:\/\/imcimedica.com\/wp-content\/uploads\/2025\/07\/icono-evidencia-medica-150x150.png\" alt=\"\" class=\"wp-image-181\" style=\"object-fit:cover;width:120px;height:120px\" srcset=\"https:\/\/imcimedica.com\/wp-content\/uploads\/2025\/07\/icono-evidencia-medica-150x150.png 150w, https:\/\/imcimedica.com\/wp-content\/uploads\/2025\/07\/icono-evidencia-medica-100x100.png 100w, https:\/\/imcimedica.com\/wp-content\/uploads\/2025\/07\/icono-evidencia-medica.png 200w\" sizes=\"auto, (max-width: 150px) 100vw, 150px\" \/><\/figure>\n\n\n\n<p><strong>Evidencia m\u00e9dica<\/strong><\/p>\n<\/div>\n\n\n\n<div class=\"wp-block-group is-vertical is-layout-flex wp-container-core-group-is-layout-4b827052 wp-block-group-is-layout-flex\">\n<figure class=\"wp-block-image size-thumbnail is-resized\"><img loading=\"lazy\" decoding=\"async\" width=\"150\" height=\"150\" src=\"https:\/\/imcimedica.com\/wp-content\/uploads\/2025\/07\/icono-soporte-clinico-150x150.png\" alt=\"\" class=\"wp-image-182\" style=\"object-fit:cover;width:120px;height:120px\" srcset=\"https:\/\/imcimedica.com\/wp-content\/uploads\/2025\/07\/icono-soporte-clinico-150x150.png 150w, https:\/\/imcimedica.com\/wp-content\/uploads\/2025\/07\/icono-soporte-clinico-100x100.png 100w, https:\/\/imcimedica.com\/wp-content\/uploads\/2025\/07\/icono-soporte-clinico.png 200w\" sizes=\"auto, (max-width: 150px) 100vw, 150px\" \/><\/figure>\n\n\n\n<p><strong>Soporte cl\u00ednico<\/strong><\/p>\n<\/div>\n<\/div>\n\n\n\n<div class=\"wp-block-group alignfull hostinger-ai-fade-up has-global-padding is-layout-constrained wp-container-core-group-is-layout-1dbd3e18 wp-block-group-is-layout-constrained\" data-aos=\"fade-up\" style=\"margin-top:0;margin-bottom:0;padding-top:var(--wp--preset--spacing--40);padding-right:0;padding-bottom:var(--wp--preset--spacing--40);padding-left:0\">\n<div class=\"wp-block-group hostinger-ai-fade-up is-content-justification-center is-nowrap is-layout-flex wp-container-core-group-is-layout-42c943a9 wp-block-group-is-layout-flex\" data-aos=\"fade-up\" style=\"padding-top:var(--wp--preset--spacing--60);padding-right:0;padding-bottom:var(--wp--preset--spacing--60);padding-left:0\">\n<div class=\"wp-block-group is-vertical is-content-justification-center is-nowrap is-layout-flex wp-container-core-group-is-layout-85281034 wp-block-group-is-layout-flex\" style=\"min-height:0px;margin-top:var(--wp--preset--spacing--30);margin-bottom:var(--wp--preset--spacing--30);padding-top:0;padding-right:0;padding-bottom:0;padding-left:0\">\n<h2 class=\"wp-block-heading hostinger-ai-title\">Qui\u00e9nes lo hacemos posible<\/h2>\n\n\n\n<p class=\"has-text-align-center\">Una red de m\u00e9dicos con experiencia en manejo de complicaciones, docentes en medicina est\u00e9tica, cirujanos pl\u00e1sticos, dermat\u00f3logos y m\u00e9dicos est\u00e9ticos. Coordinado por el Dr. Frank Rosengaus y un equipo acad\u00e9mico-cl\u00ednico internacional<\/p>\n\n\n\n<figure class=\"wp-block-image size-large is-style-default\" style=\"margin-top:var(--wp--preset--spacing--20);margin-right:var(--wp--preset--spacing--20);margin-bottom:var(--wp--preset--spacing--20);margin-left:var(--wp--preset--spacing--20)\"><img loading=\"lazy\" decoding=\"async\" width=\"1024\" height=\"576\" src=\"https:\/\/imcimedica.com\/wp-content\/uploads\/2025\/07\/equipo-medico-revision-protocolos-clinicos-1024x576.jpg\" alt=\"Imagen profesional de m\u00e9dicos colaborando en el an\u00e1lisis de documentos cl\u00ednicos. Representa formaci\u00f3n continua y compromiso con la seguridad m\u00e9dica en medicina est\u00e9tica.\" class=\"wp-image-144\" srcset=\"https:\/\/imcimedica.com\/wp-content\/uploads\/2025\/07\/equipo-medico-revision-protocolos-clinicos-1024x576.jpg 1024w, https:\/\/imcimedica.com\/wp-content\/uploads\/2025\/07\/equipo-medico-revision-protocolos-clinicos-300x169.jpg 300w, https:\/\/imcimedica.com\/wp-content\/uploads\/2025\/07\/equipo-medico-revision-protocolos-clinicos-768x432.jpg 768w, https:\/\/imcimedica.com\/wp-content\/uploads\/2025\/07\/equipo-medico-revision-protocolos-clinicos-1536x864.jpg 1536w, https:\/\/imcimedica.com\/wp-content\/uploads\/2025\/07\/equipo-medico-revision-protocolos-clinicos-600x338.jpg 600w, https:\/\/imcimedica.com\/wp-content\/uploads\/2025\/07\/equipo-medico-revision-protocolos-clinicos.jpg 1920w\" sizes=\"auto, (max-width: 1024px) 100vw, 1024px\" \/><\/figure>\n<\/div>\n<\/div>\n<\/div>\n\n\n\n<div class=\"wp-block-group alignfull hostinger-ai-fade-up has-global-padding is-layout-constrained wp-block-group-is-layout-constrained\" data-aos=\"fade-up\" style=\"padding-top:0;padding-bottom:0\">\n<div class=\"wp-block-group alignwide is-vertical is-content-justification-center is-nowrap is-layout-flex wp-container-core-group-is-layout-1377dffa wp-block-group-is-layout-flex\" style=\"margin-top:var(--wp--preset--spacing--50);margin-bottom:var(--wp--preset--spacing--50);padding-top:0;padding-right:var(--wp--preset--spacing--50);padding-bottom:0;padding-left:var(--wp--preset--spacing--50)\">\n<figure class=\"wp-block-pullquote alignwide has-color-1-background-color has-background\" style=\"border-radius:34px;padding-top:var(--wp--preset--spacing--60);padding-right:var(--wp--preset--spacing--60);padding-bottom:var(--wp--preset--spacing--60);padding-left:var(--wp--preset--spacing--60)\"><blockquote><p><strong>\u201cIMCIM\u00c9DICA no sustituye tu criterio cl\u00ednico. Lo fortalece.\u201d<\/strong><\/p><\/blockquote><\/figure>\n<\/div>\n<\/div>\n\n\n\n<p><\/p>","protected":false},"excerpt":{"rendered":"<p>Un instituto creado para acompa\u00f1ar, no para improvisar. IMCIMEDICA se ha posicionado como un referente en el \u00e1mbito de la medicina est\u00e9tica, centrando su labor en el manejo y resoluci\u00f3n de complicaciones asociadas a procedimientos inyectables. Nuestra misi\u00f3n es acompa\u00f1ar a los m\u00e9dicos en el manejo de complicaciones que pueden surgir en este campo, promoviendo [&hellip;]<\/p>","protected":false},"author":1,"featured_media":179,"parent":0,"menu_order":0,"comment_status":"closed","ping_status":"closed","template":"","meta":{"footnotes":""},"class_list":["post-125","page","type-page","status-publish","has-post-thumbnail","hentry"],"_links":{"self":[{"href":"https:\/\/imcimedica.com\/en\/wp-json\/wp\/v2\/pages\/125","targetHints":{"allow":["GET"]}}],"collection":[{"href":"https:\/\/imcimedica.com\/en\/wp-json\/wp\/v2\/pages"}],"about":[{"href":"https:\/\/imcimedica.com\/en\/wp-json\/wp\/v2\/types\/page"}],"author":[{"embeddable":true,"href":"https:\/\/imcimedica.com\/en\/wp-json\/wp\/v2\/users\/1"}],"replies":[{"embeddable":true,"href":"https:\/\/imcimedica.com\/en\/wp-json\/wp\/v2\/comments?post=125"}],"version-history":[{"count":0,"href":"https:\/\/imcimedica.com\/en\/wp-json\/wp\/v2\/pages\/125\/revisions"}],"wp:featuredmedia":[{"embeddable":true,"href":"https:\/\/imcimedica.com\/en\/wp-json\/wp\/v2\/media\/179"}],"wp:attachment":[{"href":"https:\/\/imcimedica.com\/en\/wp-json\/wp\/v2\/media?parent=125"}],"curies":[{"name":"wp","href":"https:\/\/api.w.org\/{rel}","templated":true}]}}